{"id":7852,"date":"2025-12-22T23:03:20","date_gmt":"2025-12-22T23:03:20","guid":{"rendered":"https:\/\/arsantos-advogados.com\/?page_id=7852"},"modified":"2025-12-22T23:04:32","modified_gmt":"2025-12-22T23:04:32","slug":"protecao-de-dados","status":"publish","type":"page","link":"https:\/\/arsantos-advogados.com\/index.php\/protecao-de-dados\/","title":{"rendered":"Prote\u00e7\u00e3o de Dados"},"content":{"rendered":"<div class=\"wpb-content-wrapper\"><p>[vc_row][vc_column][vc_column_text css=&#8221;&#8221;]<\/p>\n<h3 data-start=\"158\" data-end=\"187\"><\/h3>\n<h3 data-start=\"158\" data-end=\"187\"><\/h3>\n<h3 class=\"\" data-start=\"158\" data-end=\"187\"><b>Prote\u00e7\u00e3o de Dados<\/b><\/h3>\n<p style=\"font-weight: 400;\">A prote\u00e7\u00e3o dos seus dados pessoais \u00e9 importante para a\u00a0<strong>ARS Advogados<\/strong>.<\/p>\n<p style=\"font-weight: 400;\">De acordo com a presente Pol\u00edtica de Privacidade, os seus dados pessoais ser\u00e3o tratados nos seguintes termos:<\/p>\n<p style=\"font-weight: 400;\">O\u00a0<strong>Respons\u00e1vel pelo Tratamento<\/strong>\u00a0dos dados pessoais que disponibiliza \u00e9 a\u00a0<strong>ARS Advogados<\/strong>.<\/p>\n<p style=\"font-weight: 400;\">Sempre que nos comunique dados pessoais, procederemos ao respetivo tratamento para as seguintes finalidades e com os correspondentes fundamentos jur\u00eddicos:<\/p>\n<ul style=\"font-weight: 400;\">\n<li><strong>Envio de comunica\u00e7\u00f5es<\/strong>: procederemos ao tratamento dos seus dados pessoais com fundamento no seu consentimento. O n\u00e3o fornecimento de consentimento impede o envio de comunica\u00e7\u00f5es relacionadas com a nossa atividade. Este consentimento pode ser retirado a qualquer momento.<\/li>\n<li><strong>Resposta a solicita\u00e7\u00f5es, pedidos de esclarecimento ou reclama\u00e7\u00f5es<\/strong>: o tratamento dos dados pessoais tem como fundamento o nosso interesse leg\u00edtimo em prestar um servi\u00e7o personalizado e de qualidade.<\/li>\n<li><strong>Recrutamento<\/strong>: o tratamento dos dados pessoais tem como fundamento a realiza\u00e7\u00e3o de dilig\u00eancias pr\u00e9-contratuais a pedido do titular dos dados e o interesse leg\u00edtimo em analisar as candidaturas apresentadas.<\/li>\n<li><strong>Presta\u00e7\u00e3o de servi\u00e7os de assessoria jur\u00eddica<\/strong>: o tratamento dos dados pessoais tem como fundamento jur\u00eddico a execu\u00e7\u00e3o do contrato e o interesse leg\u00edtimo em prestar um servi\u00e7o ajustado \u00e0s necessidades do cliente.<\/li>\n<li><strong>Cumprimento de obriga\u00e7\u00f5es legais<\/strong>: o tratamento dos dados pessoais tem como fundamento jur\u00eddico o cumprimento das obriga\u00e7\u00f5es legais a que nos encontramos legalmente vinculados.<\/li>\n<li><strong>Fatura\u00e7\u00e3o e gest\u00e3o administrativa<\/strong>: o tratamento dos dados pessoais tem como fundamento jur\u00eddico a execu\u00e7\u00e3o contratual e o cumprimento de obriga\u00e7\u00f5es legais.<\/li>\n<\/ul>\n<p style=\"font-weight: 400;\"><strong>Prazo de conserva\u00e7\u00e3o dos dados pessoais<\/strong><\/p>\n<p style=\"font-weight: 400;\">O prazo de conserva\u00e7\u00e3o dos seus dados pessoais varia em fun\u00e7\u00e3o da finalidade para a qual foram recolhidos e tratados. Assim, os dados pessoais ser\u00e3o conservados durante os seguintes per\u00edodos:<\/p>\n<ul style=\"font-weight: 400;\">\n<li><strong>Envio de comunica\u00e7\u00f5es comerciais<\/strong>: at\u00e9 que retire o seu consentimento.<\/li>\n<li><strong>Resposta a solicita\u00e7\u00f5es, pedidos de esclarecimento ou reclama\u00e7\u00f5es<\/strong>: at\u00e9 que os dados deixem de ser necess\u00e1rios para essas finalidades.<\/li>\n<li><strong>Recrutamento<\/strong>: durante o prazo de 2 anos a contar da entrega da candidatura ou do curr\u00edculo.<\/li>\n<li><strong>Presta\u00e7\u00e3o de servi\u00e7os de assessoria jur\u00eddica<\/strong>: durante a vig\u00eancia da presta\u00e7\u00e3o de servi\u00e7os e, ap\u00f3s o seu termo, pelo prazo de 20 anos.<\/li>\n<li><strong>Cumprimento de obriga\u00e7\u00f5es legais<\/strong>: durante o per\u00edodo necess\u00e1rio para o cumprimento das obriga\u00e7\u00f5es legais aplic\u00e1veis.<\/li>\n<li><strong>Fatura\u00e7\u00e3o e gest\u00e3o administrativa<\/strong>: pelo prazo de 10 anos.<\/li>\n<li><\/li>\n<\/ul>\n<p style=\"font-weight: 400;\">Caso os dados pessoais sejam tratados para v\u00e1rias finalidades que impliquem prazos de conserva\u00e7\u00e3o distintos, ser\u00e1 aplicado o prazo mais longo.<\/p>\n<p style=\"font-weight: 400;\">A\u00a0<strong>ARS Advogados<\/strong>\u00a0n\u00e3o comunicar\u00e1 os seus dados pessoais a terceiros, salvo quando tal seja exigido por obriga\u00e7\u00e3o legal ou quando seja necess\u00e1rio para a presta\u00e7\u00e3o dos servi\u00e7os contratados.<\/p>\n<p style=\"font-weight: 400;\"><strong>Direitos dos titulares dos dados<\/strong><\/p>\n<p style=\"font-weight: 400;\">O titular dos dados pode:<\/p>\n<ul style=\"font-weight: 400;\">\n<li>Obter informa\u00e7\u00e3o sobre se os seus dados pessoais est\u00e3o a ser tratados e aceder aos dados pessoais existentes nos nossos arquivos;<\/li>\n<li>Solicitar a retifica\u00e7\u00e3o de dados pessoais inexatos ou a sua atualiza\u00e7\u00e3o;<\/li>\n<li>Solicitar o apagamento dos dados pessoais, quando deixem de ser necess\u00e1rios para as finalidades que determinaram a sua recolha;<\/li>\n<li>Opor-se ao tratamento dos seus dados pessoais;<\/li>\n<li>Solicitar a limita\u00e7\u00e3o do tratamento dos seus dados pessoais, nos termos legalmente previstos.<\/li>\n<\/ul>\n<p style=\"font-weight: 400;\">Para qualquer quest\u00e3o relacionada com a prote\u00e7\u00e3o de dados pessoais ou para o exerc\u00edcio dos direitos acima referidos, poder\u00e1 contactar-nos atrav\u00e9s do seguinte endere\u00e7o de correio eletr\u00f3nico:<br \/>\n<strong><a href=\"mailto:andre.r.santos-70839L@adv.oa.pt\">andre.r.santos-70839L@adv.oa.pt<\/a><\/strong><\/p>\n<p style=\"font-weight: 400;\"><strong>Dados do Respons\u00e1vel pelo Tratamento<\/strong><\/p>\n<p style=\"font-weight: 400;\"><strong>Respons\u00e1vel pelo Tratamento:<\/strong><br \/>\nARS Advogados \u2013 Andr\u00e9 R. dos Santos<\/p>\n<p style=\"font-weight: 400;\"><strong>Contacto Telef\u00f3nico:<\/strong><br \/>\n(+351) 964 823 469<\/p>\n<p style=\"font-weight: 400;\"><strong>Endere\u00e7o de Correio Eletr\u00f3nico:<\/strong><br \/>\n<a href=\"mailto:andre.r.santos-70839L@adv.oa.pt\">andre.r.santos-70839L@adv.oa.pt<\/a><\/p>\n<p style=\"font-weight: 400;\"><strong>Morada:<\/strong><br \/>\nRua dos Combatentes do Ultramar, n.\u00ba 32-B<br \/>\n2700-506 Loures<\/p>\n<p style=\"font-weight: 400;\"><strong>Registo na Ordem dos Advogados:<\/strong><br \/>\nC\u00e9dula profissional n.\u00ba 70839L<\/p>\n<p style=\"font-weight: 400;\"><strong>Encarregado de Prote\u00e7\u00e3o de Dados:<\/strong><br \/>\nAndr\u00e9 R. dos Santos<br \/>\nEmail:\u00a0<a href=\"mailto:andre.r.santos-70839L@adv.oa.pt\">andre.r.santos-70839L@adv.oa.pt<\/a><\/p>\n<p>[\/vc_column_text][\/vc_column][\/vc_row]<\/p>\n<\/div>","protected":false},"excerpt":{"rendered":"<p>[vc_row][vc_column][vc_column_text css=&#8221;&#8221;] Prote\u00e7\u00e3o de Dados A prote\u00e7\u00e3o dos seus dados pessoais \u00e9 importante para a\u00a0ARS Advogados. De acordo com a presente Pol\u00edtica de Privacidade, os seus dados pessoais ser\u00e3o tratados nos seguintes termos: O\u00a0Respons\u00e1vel pelo Tratamento\u00a0dos dados pessoais que disponibiliza \u00e9 a\u00a0ARS Advogados. Sempre que nos comunique dados pessoais, procederemos ao respetivo tratamento para as [&hellip;]<\/p>\n","protected":false},"author":1,"featured_media":0,"parent":0,"menu_order":0,"comment_status":"closed","ping_status":"closed","template":"one-page-template.php","meta":{"_joinchat":[],"footnotes":""},"class_list":["post-7852","page","type-page","status-publish","hentry"],"_links":{"self":[{"href":"https:\/\/arsantos-advogados.com\/index.php\/wp-json\/wp\/v2\/pages\/7852","targetHints":{"allow":["GET"]}}],"collection":[{"href":"https:\/\/arsantos-advogados.com\/index.php\/wp-json\/wp\/v2\/pages"}],"about":[{"href":"https:\/\/arsantos-advogados.com\/index.php\/wp-json\/wp\/v2\/types\/page"}],"author":[{"embeddable":true,"href":"https:\/\/arsantos-advogados.com\/index.php\/wp-json\/wp\/v2\/users\/1"}],"replies":[{"embeddable":true,"href":"https:\/\/arsantos-advogados.com\/index.php\/wp-json\/wp\/v2\/comments?post=7852"}],"version-history":[{"count":3,"href":"https:\/\/arsantos-advogados.com\/index.php\/wp-json\/wp\/v2\/pages\/7852\/revisions"}],"predecessor-version":[{"id":7855,"href":"https:\/\/arsantos-advogados.com\/index.php\/wp-json\/wp\/v2\/pages\/7852\/revisions\/7855"}],"wp:attachment":[{"href":"https:\/\/arsantos-advogados.com\/index.php\/wp-json\/wp\/v2\/media?parent=7852"}],"curies":[{"name":"wp","href":"https:\/\/api.w.org\/{rel}","templated":true}]}}